{"id":1236,"date":"2025-08-31T11:40:48","date_gmt":"2025-08-31T11:40:48","guid":{"rendered":"https:\/\/paciente360.org\/?page_id=1236"},"modified":"2025-08-31T11:40:48","modified_gmt":"2025-08-31T11:40:48","slug":"politica-de-cookies","status":"publish","type":"page","link":"https:\/\/paciente360.org\/index.php\/politica-de-cookies\/","title":{"rendered":"Politica de cookies"},"content":{"rendered":"\n<h3 class=\"wp-block-heading\" id=\"block-702a0ae5-959b-47d0-b8f0-0e3b1bc490e3\"><strong>Pol\u00edtica de Cookies de la web Paciente360.org<\/strong><\/h3>\n\n\n\n<p id=\"block-b66a4778-f75a-4104-8664-9de836de9be1\"><strong>1. \u00bfQu\u00e9 son las cookies?<\/strong><\/p>\n\n\n\n<p id=\"block-1a2017cd-bc55-48f7-a58c-c0cfe8b731dd\">Una cookie es un peque\u00f1o archivo de texto que un sitio web almacena en el navegador del usuario. Estos archivos contienen informaci\u00f3n sobre la navegaci\u00f3n, como las preferencias de idioma, el estado de la sesi\u00f3n o la configuraci\u00f3n del sitio. Las cookies son esenciales para el funcionamiento de internet, ya que permiten la prestaci\u00f3n de numerosos servicios, aportando innumerables ventajas en la prestaci\u00f3n de servicios interactivos.<\/p>\n\n\n\n<p id=\"block-9dff2d34-e5e5-400c-9333-74dc4665c82d\"><strong>2. Tipos de cookies que utilizamos<\/strong><\/p>\n\n\n\n<p id=\"block-2258a29c-9537-4635-89c0-3367144a2aa5\">En Paciente360.org utilizamos cookies propias y de terceros. A continuaci\u00f3n, detallamos su finalidad:<\/p>\n\n\n\n<ul id=\"block-c1bd8808-ca9a-4e48-8e59-ff0d15a41e38\" class=\"wp-block-list\">\n<li><strong>Cookies t\u00e9cnicas o esenciales:<\/strong> Son necesarias para el correcto funcionamiento de nuestra web y no se pueden desactivar. Sirven para funciones b\u00e1sicas, como identificar la sesi\u00f3n de usuario o recordar sus preferencias de privacidad. No requieren consentimiento.<\/li>\n\n\n\n<li><strong>Cookies de an\u00e1lisis o rendimiento:<\/strong> Permiten cuantificar el n\u00famero de usuarios y realizar la medici\u00f3n y an\u00e1lisis estad\u00edstico del uso que hacen los usuarios del servicio ofertado. Para ello se analiza su navegaci\u00f3n en nuestra web con el fin de mejorar la oferta de informaci\u00f3n que le ofrecemos. Utilizamos servicios como Google Analytics, que pueden almacenar cookies en tu navegador para este fin. La instalaci\u00f3n de estas cookies requiere de tu consentimiento expreso.<\/li>\n\n\n\n<li><strong>Cookies de terceros:<\/strong> Son cookies que se env\u00edan al equipo del usuario desde un dominio que no es gestionado por nosotros, sino por otra entidad que trata los datos obtenidos a trav\u00e9s de las cookies. Por ejemplo, si incrustamos un v\u00eddeo de YouTube o si usamos botones de redes sociales, estas plataformas pueden instalar sus propias cookies.<\/li>\n<\/ul>\n\n\n\n<p id=\"block-1017e42e-83a3-46df-bbf7-418c336684f2\"><strong>3. \u00bfC\u00f3mo puedes gestionar las cookies?<\/strong><\/p>\n\n\n\n<p id=\"block-d8ebca79-97e9-406e-a114-f1c0b321fcfd\">Cuando visitas por primera vez nuestra web, se muestra un banner de cookies que te da la opci\u00f3n de aceptarlas, rechazarlas o gestionarlas.<\/p>\n\n\n\n<ul id=\"block-38feaacf-a68e-45e1-ad10-9c16f9600f86\" class=\"wp-block-list\">\n<li><strong>Aceptar todas:<\/strong> Al hacer clic en \u00abAceptar\u00bb, consientes el uso de todas las cookies, incluidas las de an\u00e1lisis.<\/li>\n\n\n\n<li><strong>Rechazar todas:<\/strong> Puedes optar por rechazar todas las cookies no esenciales.<\/li>\n\n\n\n<li><strong>Gestionar preferencias:<\/strong> Puedes elegir qu\u00e9 categor\u00edas de cookies permites y cu\u00e1les no.<\/li>\n<\/ul>\n\n\n\n<p id=\"block-fa2fa00a-f083-4c5e-8428-83995b97ef71\">Adem\u00e1s de las opciones que te damos en el banner, puedes configurar tu navegador para bloquear, eliminar o recibir una notificaci\u00f3n cuando una cookie se va a instalar. Ten en cuenta que, si desactivas las cookies, algunas funcionalidades del sitio web podr\u00edan dejar de funcionar correctamente.<\/p>\n\n\n\n<p id=\"block-25805e59-fea1-4948-9c5d-e8a784b6ecec\"><strong>4. \u00bfNecesitas m\u00e1s informaci\u00f3n?<\/strong><\/p>\n\n\n\n<p id=\"block-72dbbf7b-7768-4e6a-8d85-5c46bb891af5\">Para cualquier duda sobre esta pol\u00edtica de cookies o sobre el tratamiento de tus datos personales, puedes contactar con nosotros en: <code>info@elisenda360.com<\/code>. Tambi\u00e9n te invitamos a visitar nuestra <a href=\"https:\/\/paciente360.org\/index.php\/politica-de-cookies-ue\" target=\"_blank\" rel=\"noreferrer noopener\">Pol\u00edtica de Privacidad <\/a>para obtener informaci\u00f3n m\u00e1s detallada sobre el tratamiento de tus datos.<\/p>\n","protected":false},"excerpt":{"rendered":"<p>Pol\u00edtica de Cookies de la web Paciente360.org 1. \u00bfQu\u00e9 son las cookies? Una cookie es un peque\u00f1o archivo de texto que un sitio web almacena en el navegador del usuario. Estos archivos contienen informaci\u00f3n sobre la navegaci\u00f3n, como las preferencias de idioma, el estado de la sesi\u00f3n o la configuraci\u00f3n del sitio. Las cookies son [&hellip;]<\/p>\n","protected":false},"author":1,"featured_media":0,"parent":0,"menu_order":0,"comment_status":"closed","ping_status":"closed","template":"","meta":{"footnotes":""},"class_list":["post-1236","page","type-page","status-publish","hentry"],"_links":{"self":[{"href":"https:\/\/paciente360.org\/index.php\/wp-json\/wp\/v2\/pages\/1236","targetHints":{"allow":["GET"]}}],"collection":[{"href":"https:\/\/paciente360.org\/index.php\/wp-json\/wp\/v2\/pages"}],"about":[{"href":"https:\/\/paciente360.org\/index.php\/wp-json\/wp\/v2\/types\/page"}],"author":[{"embeddable":true,"href":"https:\/\/paciente360.org\/index.php\/wp-json\/wp\/v2\/users\/1"}],"replies":[{"embeddable":true,"href":"https:\/\/paciente360.org\/index.php\/wp-json\/wp\/v2\/comments?post=1236"}],"version-history":[{"count":1,"href":"https:\/\/paciente360.org\/index.php\/wp-json\/wp\/v2\/pages\/1236\/revisions"}],"predecessor-version":[{"id":1237,"href":"https:\/\/paciente360.org\/index.php\/wp-json\/wp\/v2\/pages\/1236\/revisions\/1237"}],"wp:attachment":[{"href":"https:\/\/paciente360.org\/index.php\/wp-json\/wp\/v2\/media?parent=1236"}],"curies":[{"name":"wp","href":"https:\/\/api.w.org\/{rel}","templated":true}]}}