{"id":1225,"date":"2025-08-31T11:23:45","date_gmt":"2025-08-31T11:23:45","guid":{"rendered":"https:\/\/paciente360.org\/?page_id=1225"},"modified":"2026-04-22T18:40:00","modified_gmt":"2026-04-22T18:40:00","slug":"aviso-legal","status":"publish","type":"page","link":"https:\/\/paciente360.org\/index.php\/aviso-legal\/","title":{"rendered":"Aviso Legal"},"content":{"rendered":"\n<h3 class=\"wp-block-heading\"><strong>Aviso Legal de la web <\/strong>Paciente360.org<\/h3>\n\n\n\n<p><strong>1. Informaci\u00f3n General del Titular del Sitio Web<\/strong><\/p>\n\n\n\n<p>De conformidad con lo dispuesto en el art\u00edculo 10 de la Ley 34\/2002, de 11 de julio, de Servicios de la Sociedad de la Informaci\u00f3n y de Comercio Electr\u00f3nico (LSSI), se informa a todos los usuarios que el presente sitio web es titularidad de:<\/p>\n\n\n\n<ul class=\"wp-block-list\">\n<li><strong>Nombre de la Asociaci\u00f3n:<\/strong> Paciente 360<\/li>\n\n\n\n<li><strong>N\u00famero de Identificaci\u00f3n Fiscal (NIF):<\/strong> G22807234<\/li>\n\n\n\n<li><strong>Domicilio Social:<\/strong> Travessera de Dalt, 14, 4-3. 08024 Barcelona<\/li>\n\n\n\n<li><strong>Correo Electr\u00f3nico de Contacto:<\/strong> elisenda@paciente360.org<\/li>\n\n\n\n<li class=\"has-darkest-color has-text-color has-link-color wp-elements-dc1676c0dab4fc01118d12da4c653f37\"><strong>Inscripci\u00f3n en el Registro de Asociaciones:<\/strong> 78270<\/li>\n<\/ul>\n\n\n\n<p><strong>2. Objeto del Sitio Web<\/strong><\/p>\n\n\n\n<p>El presente sitio web, <strong>Paciente360.org<\/strong>, tiene como objeto ofrecer informaci\u00f3n de inter\u00e9s para empresas, asociaciones, entidades, pacientes, familiares y profesionales del \u00e1mbito de la salud. La informaci\u00f3n aqu\u00ed contenida es de car\u00e1cter puramente informativo y <strong>no debe ser considerada en ning\u00fan caso como un consejo m\u00e9dico, diagn\u00f3stico o tratamiento.<\/strong><\/p>\n\n\n\n<p><strong>3. Condiciones de Uso del Portal<\/strong><\/p>\n\n\n\n<p>El acceso al portal web atribuye a quien lo realiza la condici\u00f3n de usuario, aceptando desde ese mismo momento y sin reserva alguna, las condiciones de uso aqu\u00ed expuestas. El usuario se compromete a no utilizar el portal, sus servicios y contenidos de forma contraria a lo dispuesto por la legislaci\u00f3n vigente, la moral, las buenas costumbres y el orden p\u00fablico.<\/p>\n\n\n\n<p><strong>4. Propiedad Intelectual e Industrial<\/strong><\/p>\n\n\n\n<p>El contenido del sitio web, incluyendo textos, fotograf\u00edas, gr\u00e1ficos, im\u00e1genes, iconos, tecnolog\u00eda, software, as\u00ed como su dise\u00f1o gr\u00e1fico y c\u00f3digos fuente, son propiedad de la Asociaci\u00f3n, y no se ceden al usuario ning\u00fan derecho de explotaci\u00f3n sobre los mismos m\u00e1s all\u00e1 de lo estrictamente necesario para el correcto uso del portal.<\/p>\n\n\n\n<p><strong>5. Exclusi\u00f3n de Garant\u00edas y Responsabilidad<\/strong><\/p>\n\n\n\n<p>La Asociaci\u00f3n no se hace responsable de los posibles errores de seguridad que se puedan producir ni de los posibles da\u00f1os que puedan causarse al sistema inform\u00e1tico del usuario (hardware y software), los ficheros o documentos almacenados en el mismo, como consecuencia de la presencia de virus o malwares en el ordenador del usuario utilizado para la conexi\u00f3n a los servicios y contenidos de la web, de un mal funcionamiento del navegador o del uso de versiones no actualizadas del mismo.<\/p>\n\n\n\n<p><strong>6. Enlaces (Links)<\/strong><\/p>\n\n\n\n<p>Este sitio web incluye enlaces a otros sitios de terceros. La Asociaci\u00f3n no asume ninguna responsabilidad sobre los contenidos o el funcionamiento de dichos sitios enlazados, ya que no tiene control sobre ellos.<\/p>\n\n\n\n<p><strong>7. Protecci\u00f3n de Datos Personales<\/strong><\/p>\n\n\n\n<p>Los datos personales que se pudieran recoger a trav\u00e9s del sitio web ser\u00e1n tratados en conformidad con lo dispuesto en el Reglamento General de Protecci\u00f3n de Datos (GDPR) de la Uni\u00f3n Europea y la Ley Org\u00e1nica 3\/2018 de Protecci\u00f3n de Datos Personales y garant\u00eda de los derechos digitales. Para m\u00e1s informaci\u00f3n, consulte nuestra <a href=\"https:\/\/paciente360.org\/index.php\/politica-de-cookies-ue\/\" target=\"_blank\" rel=\"noreferrer noopener\"><strong>Pol\u00edtica de Privacidad<\/strong> y <strong>Pol\u00edtica de Cookies<\/strong><\/a>.<\/p>\n\n\n\n<p><strong>8. Derecho de Exclusi\u00f3n<\/strong><\/p>\n\n\n\n<p>La Asociaci\u00f3n se reserva el derecho de denegar o retirar el acceso al portal y\/o a los servicios ofrecidos sin necesidad de preaviso, a instancia propia o de un tercero, a aquellos usuarios que incumplan las presentes condiciones de uso.<\/p>\n\n\n\n<p><strong>9. Modificaci\u00f3n de las presentes condiciones<\/strong><\/p>\n\n\n\n<p>La Asociaci\u00f3n se reserva el derecho de modificar unilateralmente y sin aviso previo, la presentaci\u00f3n y\/o configuraci\u00f3n del sitio web, as\u00ed como los servicios y las condiciones requeridas para su uso.<\/p>\n\n\n\n<p><strong>10. Legislaci\u00f3n Aplicable y Jurisdicci\u00f3n<\/strong><\/p>\n\n\n\n<p>El presente aviso legal se rige en todos y cada uno de sus extremos por la legislaci\u00f3n espa\u00f1ola. Para la resoluci\u00f3n de cualquier controversia que pudiera derivarse del uso de este sitio web, las partes se someter\u00e1n a la jurisdicci\u00f3n de los Juzgados y Tribunales de Barcelona.<\/p>\n","protected":false},"excerpt":{"rendered":"<p>Aviso Legal de la web Paciente360.org 1. Informaci\u00f3n General del Titular del Sitio Web De conformidad con lo dispuesto en el art\u00edculo 10 de la Ley 34\/2002, de 11 de julio, de Servicios de la Sociedad de la Informaci\u00f3n y de Comercio Electr\u00f3nico (LSSI), se informa a todos los usuarios que el presente sitio web [&hellip;]<\/p>\n","protected":false},"author":1,"featured_media":0,"parent":0,"menu_order":0,"comment_status":"closed","ping_status":"closed","template":"","meta":{"footnotes":""},"class_list":["post-1225","page","type-page","status-publish","hentry"],"_links":{"self":[{"href":"https:\/\/paciente360.org\/index.php\/wp-json\/wp\/v2\/pages\/1225","targetHints":{"allow":["GET"]}}],"collection":[{"href":"https:\/\/paciente360.org\/index.php\/wp-json\/wp\/v2\/pages"}],"about":[{"href":"https:\/\/paciente360.org\/index.php\/wp-json\/wp\/v2\/types\/page"}],"author":[{"embeddable":true,"href":"https:\/\/paciente360.org\/index.php\/wp-json\/wp\/v2\/users\/1"}],"replies":[{"embeddable":true,"href":"https:\/\/paciente360.org\/index.php\/wp-json\/wp\/v2\/comments?post=1225"}],"version-history":[{"count":7,"href":"https:\/\/paciente360.org\/index.php\/wp-json\/wp\/v2\/pages\/1225\/revisions"}],"predecessor-version":[{"id":1247,"href":"https:\/\/paciente360.org\/index.php\/wp-json\/wp\/v2\/pages\/1225\/revisions\/1247"}],"wp:attachment":[{"href":"https:\/\/paciente360.org\/index.php\/wp-json\/wp\/v2\/media?parent=1225"}],"curies":[{"name":"wp","href":"https:\/\/api.w.org\/{rel}","templated":true}]}}